{"id":717,"date":"2016-06-18T05:09:46","date_gmt":"2016-06-18T05:09:46","guid":{"rendered":"https:\/\/liandre.ee\/teenused\/"},"modified":"2017-10-23T11:58:00","modified_gmt":"2017-10-23T08:58:00","slug":"teenused","status":"publish","type":"page","link":"https:\/\/liandre.ee\/fi\/teenused\/","title":{"rendered":"Palvelut"},"content":{"rendered":"<div class=\"wpb-content-wrapper\">\n        <div\n\n            id=\"rowCustom-69d27b009ee36\"\n\n            class=\"no-bg-image vc_row wpb_row mBuilder-element vc_row wpb_row mBuilder-element                       sectionOverlay vc_general vc_parallax vc_parallax-\n                    full_size\n                  \"\n\n                        data-mBuilder-id=\"1\"\n            data-col-layout=\"12\/12\"\n            data-bgcolor=\" rgba(255, 255, 255, 0)\"\n        >\n            \n            <script type=\"text\/javascript\">\n\n                \"use strict\";\n                var $ = jQuery;\n\n                $(document).ready(function(){\n\n                    if(typeof $ != 'function'){\n                        $ = jQuery;\n                    }\n\n                    var isChrome = window.chrome,\n                        $rowCustom_69d27b009ee36 = $(\"#rowCustom-69d27b009ee36\");\n\n                    $rowCustom_69d27b009ee36.find('.row-image').remove();\n\n                    $rowCustom_69d27b009ee36.append(\n                        '<div class=\"row-image row-image-normal \"> <\/div>'\n                    );\n\n                    if (!(\"\")) {\n                        $rowCustom_69d27b009ee36.find('.row-image').remove();\n                    }\n\n                    \n                    if (typeof pixflow_fitRowToHeight == 'function') {\n                        pixflow_fitRowToHeight();\n                    }\n\n                    if (isChrome){\n                        $rowCustom_69d27b009ee36.find(\".row-image-fixed\").append('<Style> .row-image-fixed:after { position: fixed; background-attachment: inherit; } <\/style>');\n                    }\n\n                });\n\n            <\/script>\n\n\n            <!-- Set background image -->\n            <style scoped>\n\n                \/* Do this code for each id *\/\n                \n\n                \/* Set background image *\/\n                #rowCustom-69d27b009ee36 .row-image {\n                                                                 background-position: center center;\n                                                             }\n\n                \n\n                \/* set Image Size *\/\n                \n            <\/style>\n\n                                <script type=\"text\/javascript\">\n                        \"use strict\";\n                        var $ = jQuery;\n                        var $rowCustom_69d27b009ee36 = $('#rowCustom-69d27b009ee36');\n                        if($rowCustom_69d27b009ee36.find('.sloped-edge').length){\n                            $rowCustom_69d27b009ee36.find('.sloped-edge').remove();\n                        }\n                    <\/script>\n                \n                                    <div class=\"wrap clearfix\">\n\n                \n\n    <div class='wpb_column vc_column_container    col-sm-12'>\n        <div class='vc_column-inner md_col-69d27b009ee85'>\n            <div class='wpb_wrapper' style='position: relative;z-index: 1;'>\n            <style data-type=\"mBuilderInternal\">\n                div.vc_column_container>.vc_column-inner.md_col-69d27b009ee85{}\n            <\/style>\n                <style scoped>\n\n        \/* Solid Style*\/\n                    .md_text_style-69d27b009eed2 .md-text-title {\n                color: rgb(80, 185, 129);\n            }\n        \n    .md_text_style-69d27b009eed2{\n        text-align:     left;\n\n    }\n     .md_text_style-69d27b009eed2 .md-text-title *{\n         line-height:    40px;\n                  font-family:    Poppins;\n         font-style:     bold;\n         font-weight:    500;\n             }\n    .md_text_style-69d27b009eed2 .md-text-title {\n            font-size:      18px;\n            line-height:    40px;\n            letter-spacing: 0px;\n            margin-bottom: 10px;\n            transition: all .3s cubic-bezier(0.215, 0.61, 0.355, 1) ;\n                        font-family:    Poppins;\n            font-style:     bold;\n            font-weight:    500;\n                    }\n    .md_text_style-69d27b009eed2 .md-text-title:not(.title-slider):hover{\n        letter-spacing:  0px;\n    }\n    .md_text_style-69d27b009eed2 .md-text-title-separator{\n            margin-bottom:10px ;\n            width: 110px;\n            border-top: 5px solid rgb(0, 255, 153);\n                    margin-left: 0;\n            margin-right: auto;\n                }\n\n    .md_text_style-69d27b009eed2 .md-text-content{\n     margin-bottom: 25px;\n    }\n\n    .md_text_style-69d27b009eed2 .md-text-content p{\n            color:          rgba(20,20,20,1);\n            font-size:      14px;\n            line-height:    21px;\n                    font-family:    Roboto;\n            font-style:     regular;\n            font-weight:    400;\n            }\n\n        \n\n    <\/style>\n     <div class=\"md-text-container md_text_style-69d27b009eed2  md-align-left wpb_wrapper wpb_md_text_wrapper ui-md_text\" >\n        <div class=\"md-text gizmo-container\">\n\n                                            <div class=\"md-text-title inline-editor-title \"><div><span style=\"color: rgb(206, 19, 64);\" data-mce-style=\"color: #ce1340;\">Liandre<\/span><\/div><\/div>\n            \n            \n                        <div class=\"md-text-content inline-editor  without-content\" ><p><\/p><\/div>\n\t\t\t\n            \n        <\/div>\n\n    <\/div>\n    <script type=\"text\/javascript\">\n        if(typeof pixflow_title_slider == 'function'){\n            pixflow_title_slider();\n        }\n            if ( document.readyState === 'complete' ){\n        if(typeof pixflow_shortcodeAnimation == 'function'){\n            pixflow_shortcodeAnimation();\n        }\n        if(typeof pixflow_shortcodeAnimationScroll == 'function'){\n            pixflow_shortcodeAnimationScroll();\n        }\n    }\n        <\/script>\n        <style scoped>\n\n        \/* Solid Style*\/\n                    .md_text_style-69d27b009ef1a .md-text-title {\n                color: rgb(20, 20, 20);\n            }\n        \n    .md_text_style-69d27b009ef1a{\n        text-align:     left;\n\n    }\n     .md_text_style-69d27b009ef1a .md-text-title *{\n         line-height:    40px;\n                  font-family:    Poppins;\n         font-style:     bold;\n         font-weight:    600;\n             }\n    .md_text_style-69d27b009ef1a .md-text-title {\n            font-size:      49px;\n            line-height:    40px;\n            letter-spacing: 0px;\n            margin-bottom: 10px;\n            transition: all .3s cubic-bezier(0.215, 0.61, 0.355, 1) ;\n                        font-family:    Poppins;\n            font-style:     bold;\n            font-weight:    600;\n                    }\n    .md_text_style-69d27b009ef1a .md-text-title:not(.title-slider):hover{\n        letter-spacing:  0px;\n    }\n    .md_text_style-69d27b009ef1a .md-text-title-separator{\n            margin-bottom:10px ;\n            width: 110px;\n            border-top: 5px solid rgb(0, 255, 153);\n                    margin-left: 0;\n            margin-right: auto;\n                }\n\n    .md_text_style-69d27b009ef1a .md-text-content{\n     margin-bottom: 25px;\n    }\n\n    .md_text_style-69d27b009ef1a .md-text-content p{\n            color:          rgb(65, 65, 65);\n            font-size:      16px;\n            line-height:    23px;\n                    font-family:    Poppins;\n            font-style:     light;\n            font-weight:    300;\n            }\n\n        \n\n    <\/style>\n     <div class=\"md-text-container md_text_style-69d27b009ef1a  md-align-left wpb_wrapper wpb_md_text_wrapper ui-md_text\" >\n        <div class=\"md-text gizmo-container\">\n\n                                            <div class=\"md-text-title inline-editor-title \"><div>Palvelut<\/div><\/div>\n            \n            \n                        <div class=\"md-text-content inline-editor \" ><p><span style=\"font-size: 16px;\">Meid\u00e4n tavoitteena on tarjota asiakkaille laadukasta ja luotettavaa palvelua.<\/span><\/p><\/div>\n\t\t\t\n            \n        <\/div>\n\n    <\/div>\n    <script type=\"text\/javascript\">\n        if(typeof pixflow_title_slider == 'function'){\n            pixflow_title_slider();\n        }\n            if ( document.readyState === 'complete' ){\n        if(typeof pixflow_shortcodeAnimation == 'function'){\n            pixflow_shortcodeAnimation();\n        }\n        if(typeof pixflow_shortcodeAnimationScroll == 'function'){\n            pixflow_shortcodeAnimationScroll();\n        }\n    }\n        <\/script>\n                <\/div>\n        <\/div>\n    <\/div>\n    \n                <script>\n                    var $ = jQuery;\n                    var $rowCustom_69d27b009ee36 = $('#rowCustom-69d27b009ee36');\n                    if ( \"1\" )\n                    {\n                        $rowCustom_69d27b009ee36.find('> .wrap').addClass('box_size_container');\n                        $rowCustom_69d27b009ee36.find('> .wrap').addClass('box_size_container');\n                    }\n                    else\n                    {\n                        $rowCustom_69d27b009ee36.find('> .wrap').removeClass('box_size_container');\n                        $rowCustom_69d27b009ee36.find('> .wrap').removeClass('box_size_container');\n                    }\n                    \/\/ Remove duplicate vide tags\n                    $('#rowCustom-69d27b009ee36').find('.row-videobg').not('.row-videobg[data-row-id=\"rowCustom-69d27b009ee36\"]').remove();\n                <\/script>\n\n            <\/div> <!-- End wrap -->\n\n        <style scoped>\n\n            \n            \n            \/* Do this code for each id *\/\n\n            #rowCustom-69d27b009ee36{\n            \/* Set Margin *\/\n            margin-top:0px;margin-bottom:0px;            }\n\n\n            #rowCustom-69d27b009ee36{\n            \/* Set padding *\/\n            padding-top:65px;padding-bottom:50px;padding-right:0px;padding-left:0px;            }\n\n            .sectionOverlay.box_size{\n                width: 70%            }\n\n            .sectionOverlay .box_size_container{\n                width: 70%            }\n\n            #rowCustom-69d27b009ee36:after{\n                \/* Set background color *\/\n                background-color: rgba(255, 255, 255, 0)            }\n            \n                                <\/style>\n        <\/div> <!-- End main row -->\n        \n        <div\n\n            id=\"rowCustom-69d27b009f0ee\"\n\n            class=\"no-bg-image vc_row wpb_row mBuilder-element  controls-in                      sectionOverlay vc_general vc_parallax vc_parallax-\n                    full_size\n                  \"\n\n                        data-mBuilder-id=\"2\"\n            data-col-layout=\"12\/12\"\n            data-bgcolor=\" rgba(255, 255, 255, 0)\"\n        >\n            \n            <script type=\"text\/javascript\">\n\n                \"use strict\";\n                var $ = jQuery;\n\n                $(document).ready(function(){\n\n                    if(typeof $ != 'function'){\n                        $ = jQuery;\n                    }\n\n                    var isChrome = window.chrome,\n                        $rowCustom_69d27b009f0ee = $(\"#rowCustom-69d27b009f0ee\");\n\n                    $rowCustom_69d27b009f0ee.find('.row-image').remove();\n\n                    $rowCustom_69d27b009f0ee.append(\n                        '<div class=\"row-image row-image-normal \"> <\/div>'\n                    );\n\n                    if (!(\"\")) {\n                        $rowCustom_69d27b009f0ee.find('.row-image').remove();\n                    }\n\n                    \n                    if (typeof pixflow_fitRowToHeight == 'function') {\n                        pixflow_fitRowToHeight();\n                    }\n\n                    if (isChrome){\n                        $rowCustom_69d27b009f0ee.find(\".row-image-fixed\").append('<Style> .row-image-fixed:after { position: fixed; background-attachment: inherit; } <\/style>');\n                    }\n\n                });\n\n            <\/script>\n\n\n            <!-- Set background image -->\n            <style scoped>\n\n                \/* Do this code for each id *\/\n                \n\n                \/* Set background image *\/\n                #rowCustom-69d27b009f0ee .row-image {\n                                                                 background-position: center center;\n                                                             }\n\n                \n\n                \/* set Image Size *\/\n                \n            <\/style>\n\n                                <script type=\"text\/javascript\">\n                        \"use strict\";\n                        var $ = jQuery;\n                        var $rowCustom_69d27b009f0ee = $('#rowCustom-69d27b009f0ee');\n                        if($rowCustom_69d27b009f0ee.find('.sloped-edge').length){\n                            $rowCustom_69d27b009f0ee.find('.sloped-edge').remove();\n                        }\n                    <\/script>\n                \n                                    <div class=\"wrap clearfix\">\n\n                \n\n    <div class='wpb_column vc_column_container    col-sm-12'>\n        <div class='vc_column-inner md_col-69d27b009f121'>\n            <div class='wpb_wrapper' style='position: relative;z-index: 1;'>\n            <style data-type=\"mBuilderInternal\">\n                div.vc_column_container>.vc_column-inner.md_col-69d27b009f121{}\n            <\/style>\n                <style scoped>\n        .portfolio-multisize-69d27b009f14f .md_portfolio_counter{\n            background-color: #af72ff;\n            color: #ffffff;\n        }\n                .portfolio-multisize-69d27b009f14f .filter{\n            float: left;\n        }\n        .portfolio-multisize-69d27b009f14f .title{\n            float: right;\n        }\n                .portfolio-multisize-69d27b009f14f .title{\n            float: none;\n        }\n        .portfolio-multisize-69d27b009f14f .heading{\n            text-align: inherit;\n        }\n        \n        .portfolio-multisize-69d27b009f14f .filter a{\n            color: rgba(0,0,0,0.5);        }\n\n        .portfolio-multisize-69d27b009f14f .title,\n        .portfolio-multisize-69d27b009f14f .filter li.current a{\n            color: rgba(0,0,0,1);        }\n\n        .portfolio-multisize-69d27b009f14f .item-title a,\n        .portfolio-multisize-69d27b009f14f .item-category,\n        .portfolio-multisize-69d27b009f14f .like-heart,\n        .portfolio-multisize-69d27b009f14f .like-count{\n            color: rgb(0, 0, 0)        }\n\n        .portfolio-multisize-69d27b009f14f .overlay-background{\n            background-color: rgba(0,0,0,0.5)        }\n\n        .portfolio-multisize-69d27b009f14f .item-image div{\n            background-color: rgb(206, 19, 64)        }\n\n        .portfolio-multisize-69d27b009f14f .line{\n            background-color: rgb(0, 0, 0)        }\n\n        .portfolio-multisize-69d27b009f14f .heading{\n            padding: 0 10px;\n        }\n                .portfolio-multisize-69d27b009f14f .md-post-like{\n            display:none!important;\n        }\n            <\/style>\n    <div class=\"portfolio portfolio-multisize gizmo-container portfolio-multisize-69d27b009f14f outside \" data-id=\"portfolio-multisize-69d27b009f14f\" data-items-padding=\"10\" >\n                <div class=\"isotope clearfix portfolio-container\">\n            \n    <div data-item_id=\"720\" class=\"portfolio-item item term-29  thumbnail-medium\">\n        <div class=\"item-wrap \">\n                            <div class=\"item-image \" data-src=\"https:\/\/liandre.ee\/wp-content\/uploads\/2017\/06\/a-1-1024x683.jpg\" style=\"background-image: url('https:\/\/liandre.ee\/wp-content\/uploads\/2017\/06\/a-1-630x542.jpg');\" ><a class=\"portfolio-page-mode\" href=\"https:\/\/liandre.ee\/fi\/portfolios\/raamatupidamisteenused\/\"> <\/a><div class=\"border-top\"><\/div><div class=\"border-right\"><\/div><div class=\"border-bottom\"><\/div><div class=\"border-left\"><\/div><a href=\"#\" class=\"md-post-like\" data-post_id=\"720\" title=\"Like\"><span class=\"like-heart\"><i id=\"icon-unlike\" class=\"icon-heart32\"><\/i><\/span> <span class=\"like-count\">&nbsp;<\/span><\/a><\/div>                        <div class=\"item-meta\">\n                <div class=\"line\"><\/div>\n                <h3 class=\"item-title \">\n                    <a href=\"https:\/\/liandre.ee\/fi\/portfolios\/raamatupidamisteenused\/\">Kirjanpitopalvelut<\/a>\n                <\/h3>\n                <h5 class=\"item-category\">Teenused                <\/h5>\n            <\/div>\n        <\/div>\n    <\/div>\n\n\n    <div data-item_id=\"724\" class=\"portfolio-item item term-29  thumbnail-medium\">\n        <div class=\"item-wrap \">\n                            <div class=\"item-image \" data-src=\"https:\/\/liandre.ee\/wp-content\/uploads\/2017\/06\/HNCK8990-1024x683.jpg\" style=\"background-image: url('https:\/\/liandre.ee\/wp-content\/uploads\/2017\/06\/HNCK8990-630x542.jpg');\" ><a class=\"portfolio-page-mode\" href=\"https:\/\/liandre.ee\/fi\/portfolios\/maksunoustamine\/\"> <\/a><div class=\"border-top\"><\/div><div class=\"border-right\"><\/div><div class=\"border-bottom\"><\/div><div class=\"border-left\"><\/div><a href=\"#\" class=\"md-post-like\" data-post_id=\"724\" title=\"Like\"><span class=\"like-heart\"><i id=\"icon-unlike\" class=\"icon-heart32\"><\/i><\/span> <span class=\"like-count\">&nbsp;<\/span><\/a><\/div>                        <div class=\"item-meta\">\n                <div class=\"line\"><\/div>\n                <h3 class=\"item-title \">\n                    <a href=\"https:\/\/liandre.ee\/fi\/portfolios\/maksunoustamine\/\">Veroneuvonta<\/a>\n                <\/h3>\n                <h5 class=\"item-category\">Teenused                <\/h5>\n            <\/div>\n        <\/div>\n    <\/div>\n\n\n    <div data-item_id=\"727\" class=\"portfolio-item item term-29  thumbnail-medium\">\n        <div class=\"item-wrap \">\n                            <div class=\"item-image \" data-src=\"https:\/\/liandre.ee\/wp-content\/uploads\/2017\/06\/audit_programmogo_koda-1024x683.jpg\" style=\"background-image: url('https:\/\/liandre.ee\/wp-content\/uploads\/2017\/06\/audit_programmogo_koda-630x542.jpg');\" ><a class=\"portfolio-page-mode\" href=\"https:\/\/liandre.ee\/fi\/portfolios\/audiitorteenused\/\"> <\/a><div class=\"border-top\"><\/div><div class=\"border-right\"><\/div><div class=\"border-bottom\"><\/div><div class=\"border-left\"><\/div><a href=\"#\" class=\"md-post-like\" data-post_id=\"727\" title=\"Like\"><span class=\"like-heart\"><i id=\"icon-unlike\" class=\"icon-heart32\"><\/i><\/span> <span class=\"like-count\">&nbsp;<\/span><\/a><\/div>                        <div class=\"item-meta\">\n                <div class=\"line\"><\/div>\n                <h3 class=\"item-title \">\n                    <a href=\"https:\/\/liandre.ee\/fi\/portfolios\/audiitorteenused\/\">Tilintarkastuspalvelut<\/a>\n                <\/h3>\n                <h5 class=\"item-category\">Teenused                <\/h5>\n            <\/div>\n        <\/div>\n    <\/div>\n\n        <\/div>\n            <\/div>\n    <script>\n\n        var $ = jQuery;\n        $(function(){\n            if ( typeof pixflow_portfolioMultisize == 'function' ){\n\n                $('.portfolio-multisize-69d27b009f14f .item').each(function(){\n                    var item = $('<div><\/div>');\n                    item.attr('class',$(this).attr('class'));\n                    item.attr('data-item_id',$(this).attr('data-item_id'));\n                    item.html($(this).html());\n                    $(this).closest('.isotope').append(item);\n                    $(this).remove();\n                })\n                pixflow_portfolioMultisize();\n                if($('.vc_editor').length) {\n                    try{pixflow_portfolioItemsPanel();}\n                    catch(e){\n\n                    }\n                }\n            }\n        });\n            if ( document.readyState === 'complete' ){\n        if(typeof pixflow_shortcodeAnimation == 'function'){\n            pixflow_shortcodeAnimation();\n        }\n        if(typeof pixflow_shortcodeAnimationScroll == 'function'){\n            pixflow_shortcodeAnimationScroll();\n        }\n    }\n        <\/script>\n                <\/div>\n        <\/div>\n    <\/div>\n    \n                <script>\n                    var $ = jQuery;\n                    var $rowCustom_69d27b009f0ee = $('#rowCustom-69d27b009f0ee');\n                    if ( \"1\" )\n                    {\n                        $rowCustom_69d27b009f0ee.find('> .wrap').addClass('box_size_container');\n                        $rowCustom_69d27b009f0ee.find('> .wrap').addClass('box_size_container');\n                    }\n                    else\n                    {\n                        $rowCustom_69d27b009f0ee.find('> .wrap').removeClass('box_size_container');\n                        $rowCustom_69d27b009f0ee.find('> .wrap').removeClass('box_size_container');\n                    }\n                    \/\/ Remove duplicate vide tags\n                    $('#rowCustom-69d27b009f0ee').find('.row-videobg').not('.row-videobg[data-row-id=\"rowCustom-69d27b009f0ee\"]').remove();\n                <\/script>\n\n            <\/div> <!-- End wrap -->\n\n        <style scoped>\n\n            \n            \n            \/* Do this code for each id *\/\n\n            #rowCustom-69d27b009f0ee{\n            \/* Set Margin *\/\n            margin-top:0px;margin-bottom:0px;            }\n\n\n            #rowCustom-69d27b009f0ee{\n            \/* Set padding *\/\n            padding-top:0px;padding-bottom:50px;padding-right:0px;padding-left:0px;            }\n\n            .sectionOverlay.box_size{\n                width: 70%            }\n\n            .sectionOverlay .box_size_container{\n                width: 70%            }\n\n            #rowCustom-69d27b009f0ee:after{\n                \/* Set background color *\/\n                background-color: rgba(255, 255, 255, 0)            }\n            \n                                <\/style>\n        <\/div> <!-- End main row -->\n        <\/div>","protected":false},"excerpt":{"rendered":"Tilintarkastuspalvelut Tarjoamme asiakkaillemme laadukasta ja nykyaikaista tilintarkastuspalvelua,\u00a0jonka perustana on yhdelt\u00e4 puolelta perusteelliset tiedot tilintarkastamisesta, kirjanpidosta,\u00a0verottamisesta\u00a0ja liiketoimintalaista sek\u00e4\u00a0toiselta puolelta kokemukset erilaisten toimialojen yritysten tilintarkastuksessa.\u00a0Uudet tilinp\u00e4\u00e4t\u00f6ksen ja katsauksen velvollisuuden\u00a0rajam\u00e4\u00e4r\u00e4tTilintarkastustoiminnan lain\u00a0[1]\u00a0muutos\u00a0saattaa voimaan kirjanpitovelvolliselle uudet tilintarkastuksen ja katsauksen velvollisuuden rajam\u00e4\u00e4r\u00e4t.\u00a0Vuonna 2016 voimaan tulleita lakimuutoksia sovelletaan tilinp\u00e4\u00e4t\u00f6ksen raportteihin,\u00a0joiden tilivuosi alkaa\u00a0vuoden 2016\u00a01.\u00a0tammikuuta tai my\u00f6hemmin.Tilintarkastustoiminnan lain mukaan on kirjanpidon tilinp\u00e4\u00e4t\u00f6ksen tarkastus pakollinen jokaiselle osakeyhti\u00f6lle,\u00a0valtion kirjanpitovelvolliselle,paikallisen itsehallinnon yksik\u00f6lle,\u00a0julkisoikeudelliselle juridiselle henkil\u00f6lle,\u00a0valtion talousarviosta osaa saavalle puolueelle sek\u00e4 Tilintarkastustoiminnan lain\u00a0\u00a7\u00a091\u00a0luvussa\u00a04\u00a0nimetylle s\u00e4\u00e4ti\u00f6lle.\u00a0Toisille yksityisyrityksille on kirjanpidon tilinp\u00e4\u00e4t\u00f6ksen tarkastus tai katsaus pakollinen, jos tilinp\u00e4\u00e4t\u00f6ksen osoittajat ylitt\u00e4v\u00e4t rajam\u00e4\u00e4ri\u00e4:\u00a0TILINP\u00c4\u00c4T\u00d6SVELVOLLISUUSJos laissa\u00a0ei\u00a0ole\u00a0m\u00e4\u00e4r\u00e4tty toisin,\u00a0on\u00a0kirjanpidon tilinp\u00e4\u00e4t\u00f6ksen tarkastus pakollinen kirjanpitolain mukaan<a class=\"more-link\" href=\"https:\/\/liandre.ee\/fi\/portfolios\/audiitorteenused\/\">SEE DETAILS <span class=\"more-link-image\"><\/span><span class=\"more-link-hover-image\"><\/span><\/a>","protected":false},"author":1,"featured_media":0,"parent":0,"menu_order":0,"comment_status":"closed","ping_status":"closed","template":"","meta":{"footnotes":""},"class_list":["post-717","page","type-page","status-publish","hentry"],"_links":{"self":[{"href":"https:\/\/liandre.ee\/fi\/wp-json\/wp\/v2\/pages\/717"}],"collection":[{"href":"https:\/\/liandre.ee\/fi\/wp-json\/wp\/v2\/pages"}],"about":[{"href":"https:\/\/liandre.ee\/fi\/wp-json\/wp\/v2\/types\/page"}],"author":[{"embeddable":true,"href":"https:\/\/liandre.ee\/fi\/wp-json\/wp\/v2\/users\/1"}],"replies":[{"embeddable":true,"href":"https:\/\/liandre.ee\/fi\/wp-json\/wp\/v2\/comments?post=717"}],"version-history":[{"count":2,"href":"https:\/\/liandre.ee\/fi\/wp-json\/wp\/v2\/pages\/717\/revisions"}],"predecessor-version":[{"id":719,"href":"https:\/\/liandre.ee\/fi\/wp-json\/wp\/v2\/pages\/717\/revisions\/719"}],"wp:attachment":[{"href":"https:\/\/liandre.ee\/fi\/wp-json\/wp\/v2\/media?parent=717"}],"curies":[{"name":"wp","href":"https:\/\/api.w.org\/{rel}","templated":true}]}}